{"id":1253,"date":"2026-03-03T08:57:46","date_gmt":"2026-03-03T07:57:46","guid":{"rendered":"https:\/\/pederangel.no\/?page_id=1253"},"modified":"2026-03-03T09:52:55","modified_gmt":"2026-03-03T08:52:55","slug":"siden-er-under-oppdatering","status":"publish","type":"page","link":"https:\/\/pederangel.no\/","title":{"rendered":"Siden er under oppdatering"},"content":{"rendered":"\n<div class=\"wp-block-group is-vertical is-content-justification-center is-layout-flex wp-container-core-group-is-layout-ce155fab wp-block-group-is-layout-flex\">\n<div class=\"wp-block-columns are-vertically-aligned-top is-layout-flex wp-container-core-columns-is-layout-28f84493 wp-block-columns-is-layout-flex\">\n<div class=\"wp-block-column is-vertically-aligned-top is-layout-flow wp-block-column-is-layout-flow\" style=\"flex-basis:100%\"><\/div>\n<\/div>\n<\/div>\n\n\n\n<h2 class=\"wp-block-heading has-text-align-center has-contrast-color has-text-color has-link-color has-x-large-font-size wp-elements-039f7e521efd8dfaac7a2edee6077949\" style=\"margin-right:0;margin-left:0;padding-right:0;padding-left:0\">\u00d8nsker du \u00e5 s\u00f8ke?<\/h2>\n\n\n\n<p class=\"has-text-align-center\">Send en e-post til&nbsp;<strong>post@pederangel.no<\/strong>hvor du beskriver hva du \u00f8nsker st\u00f8tte til,<\/p>\n\n\n\n<p class=\"has-text-align-center\"> s\u00e5 er du godt i gang!<\/p>\n\n\n\n<p class=\"has-text-align-center\">Skriv om du \u00f8nsker \u00abDr\u00f8mmestipendet\u00bb p\u00e5 30 000 kroner, eller om du \u00f8nsker st\u00f8tte til lavterskeltilbud.<\/p>\n\n\n\n<p class=\"has-text-align-center\">Vi h\u00e5per \u00e5 h\u00f8re fra deg.<\/p>\n\n\n\n<figure class=\"wp-block-image size-large\"><img loading=\"lazy\" decoding=\"async\" width=\"1024\" height=\"532\" src=\"https:\/\/pederangel.no\/wp-content\/uploads\/2026\/03\/vagasiifra-1-1024x532.png\" alt=\"\" class=\"wp-image-1270\" srcset=\"https:\/\/pederangel.no\/wp-content\/uploads\/2026\/03\/vagasiifra-1-1024x532.png 1024w, https:\/\/pederangel.no\/wp-content\/uploads\/2026\/03\/vagasiifra-1-300x156.png 300w, https:\/\/pederangel.no\/wp-content\/uploads\/2026\/03\/vagasiifra-1-768x399.png 768w, https:\/\/pederangel.no\/wp-content\/uploads\/2026\/03\/vagasiifra-1.png 1200w\" sizes=\"auto, (max-width: 1024px) 100vw, 1024px\" \/><\/figure>\n\n\n\n<p><\/p>\n","protected":false},"excerpt":{"rendered":"<p>\u00d8nsker du \u00e5 s\u00f8ke? Send en e-post til&nbsp;post@pederangel.nohvor du beskriver hva du \u00f8nsker st\u00f8tte til, s\u00e5 er du godt i gang! Skriv om du \u00f8nsker \u00abDr\u00f8mmestipendet\u00bb p\u00e5 30 000 kroner, eller om du \u00f8nsker st\u00f8tte til lavterskeltilbud. Vi h\u00e5per \u00e5 h\u00f8re fra deg.<\/p>\n","protected":false},"author":3,"featured_media":0,"parent":0,"menu_order":0,"comment_status":"closed","ping_status":"closed","template":"","meta":{"footnotes":""},"class_list":["post-1253","page","type-page","status-publish","hentry"],"_links":{"self":[{"href":"https:\/\/pederangel.no\/index.php?rest_route=\/wp\/v2\/pages\/1253","targetHints":{"allow":["GET"]}}],"collection":[{"href":"https:\/\/pederangel.no\/index.php?rest_route=\/wp\/v2\/pages"}],"about":[{"href":"https:\/\/pederangel.no\/index.php?rest_route=\/wp\/v2\/types\/page"}],"author":[{"embeddable":true,"href":"https:\/\/pederangel.no\/index.php?rest_route=\/wp\/v2\/users\/3"}],"replies":[{"embeddable":true,"href":"https:\/\/pederangel.no\/index.php?rest_route=%2Fwp%2Fv2%2Fcomments&post=1253"}],"version-history":[{"count":8,"href":"https:\/\/pederangel.no\/index.php?rest_route=\/wp\/v2\/pages\/1253\/revisions"}],"predecessor-version":[{"id":1271,"href":"https:\/\/pederangel.no\/index.php?rest_route=\/wp\/v2\/pages\/1253\/revisions\/1271"}],"wp:attachment":[{"href":"https:\/\/pederangel.no\/index.php?rest_route=%2Fwp%2Fv2%2Fmedia&parent=1253"}],"curies":[{"name":"wp","href":"https:\/\/api.w.org\/{rel}","templated":true}]}}